{"id":25,"date":"2026-04-03T00:00:00","date_gmt":"2026-04-03T00:00:00","guid":{"rendered":"https:\/\/wordpressthemes.live\/WCG10\/WCM231_cosmika\/cosmetic06\/?page_id=25"},"modified":"2026-04-07T01:41:37","modified_gmt":"2026-04-07T01:41:37","slug":"kurumsal","status":"publish","type":"page","link":"https:\/\/fanitemizlik.com\/?page_id=25","title":{"rendered":"Kurumsal"},"content":{"rendered":"\t\t<div data-elementor-type=\"wp-page\" data-elementor-id=\"25\" class=\"elementor elementor-25\">\n\t\t\t\t\t\t<section class=\"elementor-section elementor-top-section elementor-element elementor-element-7c1db74 elementor-section-boxed elementor-section-height-default elementor-section-height-default\" data-id=\"7c1db74\" data-element_type=\"section\" data-e-type=\"section\">\n\t\t\t\t\t\t<div class=\"elementor-container elementor-column-gap-no\">\n\t\t\t\t\t<div class=\"elementor-column elementor-col-100 elementor-top-column elementor-element elementor-element-6848f97\" data-id=\"6848f97\" data-element_type=\"column\" data-e-type=\"column\">\n\t\t\t<div class=\"elementor-widget-wrap elementor-element-populated\">\n\t\t\t\t\t\t<div class=\"elementor-element elementor-element-077f3e2 elementor-widget elementor-widget-heading\" data-id=\"077f3e2\" data-element_type=\"widget\" data-e-type=\"widget\" data-widget_type=\"heading.default\">\n\t\t\t\t\t<span class=\"elementor-heading-title elementor-size-default\">FAN\u0130 TEM\u0130ZL\u0130K<\/span>\t\t\t\t<\/div>\n\t\t\t\t<div class=\"elementor-element elementor-element-3466b0b elementor-widget elementor-widget-heading\" data-id=\"3466b0b\" data-element_type=\"widget\" data-e-type=\"widget\" data-widget_type=\"heading.default\">\n\t\t\t\t\t<h2 class=\"elementor-heading-title elementor-size-default\">HAKKIMIZDA<\/h2>\t\t\t\t<\/div>\n\t\t\t\t<div class=\"elementor-element elementor-element-b964bf1 elementor-widget__width-initial elementor-widget elementor-widget-text-editor\" data-id=\"b964bf1\" data-element_type=\"widget\" data-e-type=\"widget\" data-widget_type=\"text-editor.default\">\n\t\t\t\t\t\t\t\t\t<p class=\"p1\"><strong>Fani Temizlik,<\/strong> temizlik ve hijyen \u00fcr\u00fcnleri alan\u0131nda faaliyet g\u00f6steren, m\u00fc\u015fteri odakl\u0131 hizmet anlay\u0131\u015f\u0131n\u0131 benimsemi\u015f bir tedarik firmas\u0131d\u0131r. 2013 y\u0131l\u0131nda \u0130stanbul\u2019da ba\u015flayan yolculu\u011fumuz, 2025 y\u0131l\u0131 itibar\u0131yla K\u00f6yce\u011fiz \u015fubemizin a\u00e7\u0131lmas\u0131yla birlikte daha geni\u015f bir hizmet a\u011f\u0131na ula\u015fm\u0131\u015ft\u0131r.<\/p><p class=\"p1\">Geni\u015f \u00fcr\u00fcn portf\u00f6y\u00fcm\u00fczde; hijyenik \u00fcr\u00fcnler, temizlik ekipmanlar\u0131, otel ekipmanlar\u0131, k\u00e2\u011f\u0131t ve s\u0131v\u0131 grubu \u00fcr\u00fcnler, kullan-at \u00fcr\u00fcnler ve \u00e7\u00f6p kovas\u0131 \u00e7\u00f6z\u00fcmleri yer almaktad\u0131r. Ba\u015fta oteller, restoranlar ve \u00e7e\u015fitli i\u015fletmeler olmak \u00fczere, profesyonel temizlik ihtiyac\u0131 duyan t\u00fcm kurumlara h\u0131zl\u0131 ve g\u00fcvenilir \u00e7\u00f6z\u00fcmler sunmaktay\u0131z.<\/p><p class=\"p1\">Fani Temizlik olarak amac\u0131m\u0131z; kaliteli \u00fcr\u00fcn, s\u00fcrd\u00fcr\u00fclebilir hizmet ve g\u00fc\u00e7l\u00fc tedarik altyap\u0131s\u0131 ile m\u00fc\u015fterilerimizin ihtiya\u00e7lar\u0131na en do\u011fru \u015fekilde kar\u015f\u0131l\u0131k vermektir.<\/p>\t\t\t\t\t\t\t\t<\/div>\n\t\t\t\t\t<\/div>\n\t\t<\/div>\n\t\t\t\t\t<\/div>\n\t\t<\/section>\n\t\t\t\t<section class=\"elementor-section elementor-top-section elementor-element elementor-element-5b96b0c elementor-section-boxed elementor-section-height-default elementor-section-height-default\" data-id=\"5b96b0c\" data-element_type=\"section\" data-e-type=\"section\">\n\t\t\t\t\t\t<div class=\"elementor-container elementor-column-gap-no\">\n\t\t\t\t\t<div class=\"elementor-column elementor-col-100 elementor-top-column elementor-element elementor-element-f798f89\" data-id=\"f798f89\" data-element_type=\"column\" data-e-type=\"column\">\n\t\t\t<div class=\"elementor-widget-wrap elementor-element-populated\">\n\t\t\t\t\t\t<div class=\"elementor-element elementor-element-c61c60d elementor-tabs-alignment-center elementor-tabs-view-horizontal elementor-widget elementor-widget-tabs\" data-id=\"c61c60d\" data-element_type=\"widget\" data-e-type=\"widget\" data-widget_type=\"tabs.default\">\n\t\t\t\t\t\t\t<div class=\"elementor-tabs\">\n\t\t\t<div class=\"elementor-tabs-wrapper\" role=\"tablist\" >\n\t\t\t\t\t\t\t\t\t<div id=\"elementor-tab-title-2071\" class=\"elementor-tab-title elementor-tab-desktop-title\" aria-selected=\"true\" data-tab=\"1\" role=\"tab\" tabindex=\"0\" aria-controls=\"elementor-tab-content-2071\" aria-expanded=\"false\">V\u0130ZYONUMUZ<\/div>\n\t\t\t\t\t\t\t\t\t<div id=\"elementor-tab-title-2072\" class=\"elementor-tab-title elementor-tab-desktop-title\" aria-selected=\"false\" data-tab=\"2\" role=\"tab\" tabindex=\"-1\" aria-controls=\"elementor-tab-content-2072\" aria-expanded=\"false\">M\u0130SYONUMUZ<\/div>\n\t\t\t\t\t\t\t\t\t<div id=\"elementor-tab-title-2073\" class=\"elementor-tab-title elementor-tab-desktop-title\" aria-selected=\"false\" data-tab=\"3\" role=\"tab\" tabindex=\"-1\" aria-controls=\"elementor-tab-content-2073\" aria-expanded=\"false\">DE\u011eERLER\u0130M\u0130Z<\/div>\n\t\t\t\t\t\t\t\t\t<div id=\"elementor-tab-title-2074\" class=\"elementor-tab-title elementor-tab-desktop-title\" aria-selected=\"false\" data-tab=\"4\" role=\"tab\" tabindex=\"-1\" aria-controls=\"elementor-tab-content-2074\" aria-expanded=\"false\">H\u0130ZMET ANLAYI\u015eIMIZ<\/div>\n\t\t\t\t\t\t\t<\/div>\n\t\t\t<div class=\"elementor-tabs-content-wrapper\" role=\"tablist\" aria-orientation=\"vertical\">\n\t\t\t\t\t\t\t\t\t<div class=\"elementor-tab-title elementor-tab-mobile-title\" aria-selected=\"true\" data-tab=\"1\" role=\"tab\" tabindex=\"0\" aria-controls=\"elementor-tab-content-2071\" aria-expanded=\"false\">V\u0130ZYONUMUZ<\/div>\n\t\t\t\t\t<div id=\"elementor-tab-content-2071\" class=\"elementor-tab-content elementor-clearfix\" data-tab=\"1\" role=\"tabpanel\" aria-labelledby=\"elementor-tab-title-2071\" tabindex=\"0\" hidden=\"false\"><p class=\"p1\">Temizlik ve hijyen \u00fcr\u00fcnleri alan\u0131nda, b\u00f6lgesel g\u00fcc\u00fcn\u00fc art\u0131rarak T\u00fcrkiye genelinde tercih edilen, yenilik\u00e7i ve g\u00fcvenilir bir marka olmak.<\/p><\/div>\n\t\t\t\t\t\t\t\t\t<div class=\"elementor-tab-title elementor-tab-mobile-title\" aria-selected=\"false\" data-tab=\"2\" role=\"tab\" tabindex=\"-1\" aria-controls=\"elementor-tab-content-2072\" aria-expanded=\"false\">M\u0130SYONUMUZ<\/div>\n\t\t\t\t\t<div id=\"elementor-tab-content-2072\" class=\"elementor-tab-content elementor-clearfix\" data-tab=\"2\" role=\"tabpanel\" aria-labelledby=\"elementor-tab-title-2072\" tabindex=\"0\" hidden=\"hidden\"><div><p class=\"p1\">M\u00fc\u015fterilerimizin temizlik ve hijyen ihtiya\u00e7lar\u0131n\u0131, kaliteli \u00fcr\u00fcnler ve h\u0131zl\u0131 tedarik s\u00fcre\u00e7leriyle kar\u015f\u0131lamak; g\u00fcvenilir, s\u00fcrd\u00fcr\u00fclebilir ve \u00e7\u00f6z\u00fcm odakl\u0131 hizmet anlay\u0131\u015f\u0131yla sekt\u00f6r\u00fcm\u00fczde fark yaratmak.<\/p><\/div><\/div>\n\t\t\t\t\t\t\t\t\t<div class=\"elementor-tab-title elementor-tab-mobile-title\" aria-selected=\"false\" data-tab=\"3\" role=\"tab\" tabindex=\"-1\" aria-controls=\"elementor-tab-content-2073\" aria-expanded=\"false\">DE\u011eERLER\u0130M\u0130Z<\/div>\n\t\t\t\t\t<div id=\"elementor-tab-content-2073\" class=\"elementor-tab-content elementor-clearfix\" data-tab=\"3\" role=\"tabpanel\" aria-labelledby=\"elementor-tab-title-2073\" tabindex=\"0\" hidden=\"hidden\"><ul><li><p class=\"p1\"><span class=\"s1\"><b>G\u00fcvenilirlik:<\/b><\/span> M\u00fc\u015fterilerimizle uzun vadeli i\u015f birlikleri kurar\u0131z.<\/p><\/li><li><p class=\"p1\"><span class=\"s1\"><b>Kalite:<\/b><\/span> Tedarik etti\u011fimiz t\u00fcm \u00fcr\u00fcnlerde kaliteyi \u00f6n planda tutar\u0131z.<\/p><\/li><li><p class=\"p1\"><span class=\"s1\"><b>H\u0131zl\u0131 Hizmet:<\/b><\/span> Sipari\u015ften teslimata kadar h\u0131zl\u0131 ve etkili \u00e7\u00f6z\u00fcmler sunar\u0131z.<\/p><\/li><li><p class=\"p1\"><span class=\"s1\"><b>M\u00fc\u015fteri Odakl\u0131l\u0131k:<\/b><\/span> Her m\u00fc\u015fterimizin ihtiyac\u0131na \u00f6zel \u00e7\u00f6z\u00fcmler \u00fcretiriz.<\/p><\/li><\/ul><\/div>\n\t\t\t\t\t\t\t\t\t<div class=\"elementor-tab-title elementor-tab-mobile-title\" aria-selected=\"false\" data-tab=\"4\" role=\"tab\" tabindex=\"-1\" aria-controls=\"elementor-tab-content-2074\" aria-expanded=\"false\">H\u0130ZMET ANLAYI\u015eIMIZ<\/div>\n\t\t\t\t\t<div id=\"elementor-tab-content-2074\" class=\"elementor-tab-content elementor-clearfix\" data-tab=\"4\" role=\"tabpanel\" aria-labelledby=\"elementor-tab-title-2074\" tabindex=\"0\" hidden=\"hidden\"><ul><li><p class=\"p1\">Fani Temizlik olarak sadece \u00fcr\u00fcn tedarik eden bir firma de\u011fil, ayn\u0131 zamanda i\u015fletmelerin ihtiya\u00e7lar\u0131n\u0131 anlayan ve do\u011fru \u00e7\u00f6z\u00fcmler sunan bir i\u015f orta\u011f\u0131 olmay\u0131 hedefliyoruz. Talep do\u011frultusunda yerinde ziyaretler ger\u00e7ekle\u015ftirerek, i\u015fletmelere en uygun \u00fcr\u00fcn ve sistemleri sunuyoruz.<\/p><p class=\"p1\">Mu\u011fla ve \u00e7evresine h\u0131zl\u0131 teslimat avantaj\u0131m\u0131zla, m\u00fc\u015fterilerimizin ihtiya\u00e7lar\u0131na zaman\u0131nda ve eksiksiz \u015fekilde cevap veriyoruz.<\/p><\/li><\/ul><\/div>\n\t\t\t\t\t\t\t<\/div>\n\t\t<\/div>\n\t\t\t\t\t\t<\/div>\n\t\t\t\t\t<\/div>\n\t\t<\/div>\n\t\t\t\t\t<\/div>\n\t\t<\/section>\n\t\t\t\t<section class=\"elementor-section elementor-top-section elementor-element elementor-element-d7356d6 elementor-section-boxed elementor-section-height-default elementor-section-height-default\" data-id=\"d7356d6\" data-element_type=\"section\" data-e-type=\"section\">\n\t\t\t\t\t\t<div class=\"elementor-container elementor-column-gap-default\">\n\t\t\t\t\t<div class=\"elementor-column elementor-col-33 elementor-top-column elementor-element elementor-element-6f98f83\" data-id=\"6f98f83\" data-element_type=\"column\" data-e-type=\"column\">\n\t\t\t<div class=\"elementor-widget-wrap elementor-element-populated\">\n\t\t\t\t\t\t<div class=\"elementor-element elementor-element-f99d3e8 elementor-view-default elementor-position-block-start elementor-mobile-position-block-start elementor-widget elementor-widget-icon-box\" data-id=\"f99d3e8\" data-element_type=\"widget\" data-e-type=\"widget\" data-widget_type=\"icon-box.default\">\n\t\t\t\t\t\t\t<div class=\"elementor-icon-box-wrapper\">\n\n\t\t\t\t\t\t<div class=\"elementor-icon-box-icon\">\n\t\t\t\t<a href=\"#\" class=\"elementor-icon elementor-animation-wobble-vertical\" tabindex=\"-1\" aria-label=\"Mu\u011fla B\u00f6lgesi\">\n\t\t\t\t<svg aria-hidden=\"true\" class=\"e-font-icon-svg e-far-check-square\" viewBox=\"0 0 448 512\" xmlns=\"http:\/\/www.w3.org\/2000\/svg\"><path d=\"M400 32H48C21.49 32 0 53.49 0 80v352c0 26.51 21.49 48 48 48h352c26.51 0 48-21.49 48-48V80c0-26.51-21.49-48-48-48zm0 400H48V80h352v352zm-35.864-241.724L191.547 361.48c-4.705 4.667-12.303 4.637-16.97-.068l-90.781-91.516c-4.667-4.705-4.637-12.303.069-16.971l22.719-22.536c4.705-4.667 12.303-4.637 16.97.069l59.792 60.277 141.352-140.216c4.705-4.667 12.303-4.637 16.97.068l22.536 22.718c4.667 4.706 4.637 12.304-.068 16.971z\"><\/path><\/svg>\t\t\t\t<\/a>\n\t\t\t<\/div>\n\t\t\t\n\t\t\t\t\t\t<div class=\"elementor-icon-box-content\">\n\n\t\t\t\t\t\t\t\t\t<h4 class=\"elementor-icon-box-title\">\n\t\t\t\t\t\t<a href=\"#\" >\n\t\t\t\t\t\t\tMu\u011fla B\u00f6lgesi\t\t\t\t\t\t<\/a>\n\t\t\t\t\t<\/h4>\n\t\t\t\t\n\t\t\t\t\t\t\t\t\t<p class=\"elementor-icon-box-description\">\n\t\t\t\t\t\tMu\u011fla ve \u00e7evresine h\u0131zl\u0131 teslimat, sunum talepleri ve toplu sipari\u015fler i\u00e7in bizimle ileti\u015fime ge\u00e7in.\t\t\t\t\t<\/p>\n\t\t\t\t\n\t\t\t<\/div>\n\t\t\t\n\t\t<\/div>\n\t\t\t\t\t\t<\/div>\n\t\t\t\t\t<\/div>\n\t\t<\/div>\n\t\t\t\t<div class=\"elementor-column elementor-col-33 elementor-top-column elementor-element elementor-element-97139a5\" data-id=\"97139a5\" data-element_type=\"column\" data-e-type=\"column\">\n\t\t\t<div class=\"elementor-widget-wrap elementor-element-populated\">\n\t\t\t\t\t\t<div class=\"elementor-element elementor-element-39ca781 elementor-view-default elementor-position-block-start elementor-mobile-position-block-start elementor-widget elementor-widget-icon-box\" data-id=\"39ca781\" data-element_type=\"widget\" data-e-type=\"widget\" data-widget_type=\"icon-box.default\">\n\t\t\t\t\t\t\t<div class=\"elementor-icon-box-wrapper\">\n\n\t\t\t\t\t\t<div class=\"elementor-icon-box-icon\">\n\t\t\t\t<a href=\"#\" class=\"elementor-icon elementor-animation-wobble-vertical\" tabindex=\"-1\" aria-label=\"H\u0131zl\u0131 \u0130leti\u015fim\">\n\t\t\t\t<svg aria-hidden=\"true\" class=\"e-font-icon-svg e-far-comment\" viewBox=\"0 0 512 512\" xmlns=\"http:\/\/www.w3.org\/2000\/svg\"><path d=\"M256 32C114.6 32 0 125.1 0 240c0 47.6 19.9 91.2 52.9 126.3C38 405.7 7 439.1 6.5 439.5c-6.6 7-8.4 17.2-4.6 26S14.4 480 24 480c61.5 0 110-25.7 139.1-46.3C192 442.8 223.2 448 256 448c141.4 0 256-93.1 256-208S397.4 32 256 32zm0 368c-26.7 0-53.1-4.1-78.4-12.1l-22.7-7.2-19.5 13.8c-14.3 10.1-33.9 21.4-57.5 29 7.3-12.1 14.4-25.7 19.9-40.2l10.6-28.1-20.6-21.8C69.7 314.1 48 282.2 48 240c0-88.2 93.3-160 208-160s208 71.8 208 160-93.3 160-208 160z\"><\/path><\/svg>\t\t\t\t<\/a>\n\t\t\t<\/div>\n\t\t\t\n\t\t\t\t\t\t<div class=\"elementor-icon-box-content\">\n\n\t\t\t\t\t\t\t\t\t<h4 class=\"elementor-icon-box-title\">\n\t\t\t\t\t\t<a href=\"#\" >\n\t\t\t\t\t\t\tH\u0131zl\u0131 \u0130leti\u015fim\t\t\t\t\t\t<\/a>\n\t\t\t\t\t<\/h4>\n\t\t\t\t\n\t\t\t\t\t\t\t\t\t<p class=\"elementor-icon-box-description\">\n\t\t\t\t\t\tWhatsApp \u00fczerinden bize kolayca ula\u015fabilir, h\u0131zl\u0131 \u015fekilde bilgi ve destek alabilirsiniz.\t\t\t\t\t<\/p>\n\t\t\t\t\n\t\t\t<\/div>\n\t\t\t\n\t\t<\/div>\n\t\t\t\t\t\t<\/div>\n\t\t\t\t\t<\/div>\n\t\t<\/div>\n\t\t\t\t<div class=\"elementor-column elementor-col-33 elementor-top-column elementor-element elementor-element-4cd5a3c\" data-id=\"4cd5a3c\" data-element_type=\"column\" data-e-type=\"column\">\n\t\t\t<div class=\"elementor-widget-wrap elementor-element-populated\">\n\t\t\t\t\t\t<div class=\"elementor-element elementor-element-31f3a88 elementor-view-default elementor-position-block-start elementor-mobile-position-block-start elementor-widget elementor-widget-icon-box\" data-id=\"31f3a88\" data-element_type=\"widget\" data-e-type=\"widget\" data-widget_type=\"icon-box.default\">\n\t\t\t\t\t\t\t<div class=\"elementor-icon-box-wrapper\">\n\n\t\t\t\t\t\t<div class=\"elementor-icon-box-icon\">\n\t\t\t\t<a href=\"#\" class=\"elementor-icon elementor-animation-wobble-vertical\" tabindex=\"-1\" aria-label=\"G\u00fcvenilir Tedarik\">\n\t\t\t\t<svg aria-hidden=\"true\" class=\"e-font-icon-svg e-far-user\" viewBox=\"0 0 448 512\" xmlns=\"http:\/\/www.w3.org\/2000\/svg\"><path d=\"M313.6 304c-28.7 0-42.5 16-89.6 16-47.1 0-60.8-16-89.6-16C60.2 304 0 364.2 0 438.4V464c0 26.5 21.5 48 48 48h352c26.5 0 48-21.5 48-48v-25.6c0-74.2-60.2-134.4-134.4-134.4zM400 464H48v-25.6c0-47.6 38.8-86.4 86.4-86.4 14.6 0 38.3 16 89.6 16 51.7 0 74.9-16 89.6-16 47.6 0 86.4 38.8 86.4 86.4V464zM224 288c79.5 0 144-64.5 144-144S303.5 0 224 0 80 64.5 80 144s64.5 144 144 144zm0-240c52.9 0 96 43.1 96 96s-43.1 96-96 96-96-43.1-96-96 43.1-96 96-96z\"><\/path><\/svg>\t\t\t\t<\/a>\n\t\t\t<\/div>\n\t\t\t\n\t\t\t\t\t\t<div class=\"elementor-icon-box-content\">\n\n\t\t\t\t\t\t\t\t\t<h4 class=\"elementor-icon-box-title\">\n\t\t\t\t\t\t<a href=\"#\" >\n\t\t\t\t\t\t\tG\u00fcvenilir Tedarik\t\t\t\t\t\t<\/a>\n\t\t\t\t\t<\/h4>\n\t\t\t\t\n\t\t\t\t\t\t\t\t\t<p class=\"elementor-icon-box-description\">\n\t\t\t\t\t\t\u0130\u015fletmenizin ihtiya\u00e7lar\u0131na uygun kaliteli temizlik \u00fcr\u00fcnlerini g\u00fcvenle ve zaman\u0131nda temin edin.\t\t\t\t\t<\/p>\n\t\t\t\t\n\t\t\t<\/div>\n\t\t\t\n\t\t<\/div>\n\t\t\t\t\t\t<\/div>\n\t\t\t\t\t<\/div>\n\t\t<\/div>\n\t\t\t\t\t<\/div>\n\t\t<\/section>\n\t\t\t\t<section class=\"elementor-section elementor-top-section elementor-element elementor-element-50555c8 elementor-section-stretched elementor-section-boxed elementor-section-height-default elementor-section-height-default\" data-id=\"50555c8\" data-element_type=\"section\" data-e-type=\"section\" data-settings=\"{&quot;stretch_section&quot;:&quot;section-stretched&quot;,&quot;background_background&quot;:&quot;classic&quot;}\">\n\t\t\t\t\t\t<div class=\"elementor-container elementor-column-gap-default\">\n\t\t\t\t\t<div class=\"elementor-column elementor-col-25 elementor-top-column elementor-element elementor-element-3aabb82\" data-id=\"3aabb82\" data-element_type=\"column\" data-e-type=\"column\">\n\t\t\t<div class=\"elementor-widget-wrap elementor-element-populated\">\n\t\t\t\t\t\t<div class=\"elementor-element elementor-element-daa6d96 elementor-widget elementor-widget-counter\" data-id=\"daa6d96\" data-element_type=\"widget\" data-e-type=\"widget\" data-widget_type=\"counter.default\">\n\t\t\t\t\t\t\t<div class=\"elementor-counter\">\n\t\t\t<div class=\"elementor-counter-title\">y\u0131l<\/div>\t\t\t<div class=\"elementor-counter-number-wrapper\">\n\t\t\t\t<span class=\"elementor-counter-number-prefix\"><\/span>\n\t\t\t\t<span class=\"elementor-counter-number\" data-duration=\"2000\" data-to-value=\"13\" data-from-value=\"0\" data-delimiter=\",\">0<\/span>\n\t\t\t\t<span class=\"elementor-counter-number-suffix\">+<\/span>\n\t\t\t<\/div>\n\t\t<\/div>\n\t\t\t\t\t\t<\/div>\n\t\t\t\t\t<\/div>\n\t\t<\/div>\n\t\t\t\t<div class=\"elementor-column elementor-col-25 elementor-top-column elementor-element elementor-element-99bfdaf\" data-id=\"99bfdaf\" data-element_type=\"column\" data-e-type=\"column\">\n\t\t\t<div class=\"elementor-widget-wrap elementor-element-populated\">\n\t\t\t\t\t\t<div class=\"elementor-element elementor-element-4d83541 elementor-widget elementor-widget-counter\" data-id=\"4d83541\" data-element_type=\"widget\" data-e-type=\"widget\" data-widget_type=\"counter.default\">\n\t\t\t\t\t\t\t<div class=\"elementor-counter\">\n\t\t\t<div class=\"elementor-counter-title\">\u015fube<\/div>\t\t\t<div class=\"elementor-counter-number-wrapper\">\n\t\t\t\t<span class=\"elementor-counter-number-prefix\"><\/span>\n\t\t\t\t<span class=\"elementor-counter-number\" data-duration=\"2000\" data-to-value=\"2\" data-from-value=\"0\" data-delimiter=\",\">0<\/span>\n\t\t\t\t<span class=\"elementor-counter-number-suffix\">+<\/span>\n\t\t\t<\/div>\n\t\t<\/div>\n\t\t\t\t\t\t<\/div>\n\t\t\t\t\t<\/div>\n\t\t<\/div>\n\t\t\t\t<div class=\"elementor-column elementor-col-25 elementor-top-column elementor-element elementor-element-5c714b1\" data-id=\"5c714b1\" data-element_type=\"column\" data-e-type=\"column\">\n\t\t\t<div class=\"elementor-widget-wrap elementor-element-populated\">\n\t\t\t\t\t\t<div class=\"elementor-element elementor-element-cdc61fb elementor-widget elementor-widget-counter\" data-id=\"cdc61fb\" data-element_type=\"widget\" data-e-type=\"widget\" data-widget_type=\"counter.default\">\n\t\t\t\t\t\t\t<div class=\"elementor-counter\">\n\t\t\t<div class=\"elementor-counter-title\">memnuniyet<\/div>\t\t\t<div class=\"elementor-counter-number-wrapper\">\n\t\t\t\t<span class=\"elementor-counter-number-prefix\"><\/span>\n\t\t\t\t<span class=\"elementor-counter-number\" data-duration=\"2000\" data-to-value=\"100\" data-from-value=\"0\" data-delimiter=\",\">0<\/span>\n\t\t\t\t<span class=\"elementor-counter-number-suffix\">%<\/span>\n\t\t\t<\/div>\n\t\t<\/div>\n\t\t\t\t\t\t<\/div>\n\t\t\t\t\t<\/div>\n\t\t<\/div>\n\t\t\t\t<div class=\"elementor-column elementor-col-25 elementor-top-column elementor-element elementor-element-9faea81\" data-id=\"9faea81\" data-element_type=\"column\" data-e-type=\"column\">\n\t\t\t<div class=\"elementor-widget-wrap elementor-element-populated\">\n\t\t\t\t\t\t<div class=\"elementor-element elementor-element-74529a4 elementor-widget elementor-widget-counter\" data-id=\"74529a4\" data-element_type=\"widget\" data-e-type=\"widget\" data-widget_type=\"counter.default\">\n\t\t\t\t\t\t\t<div class=\"elementor-counter\">\n\t\t\t<div class=\"elementor-counter-title\">yeni proje<\/div>\t\t\t<div class=\"elementor-counter-number-wrapper\">\n\t\t\t\t<span class=\"elementor-counter-number-prefix\"><\/span>\n\t\t\t\t<span class=\"elementor-counter-number\" data-duration=\"2000\" data-to-value=\"2\" data-from-value=\"0\" data-delimiter=\",\">0<\/span>\n\t\t\t\t<span class=\"elementor-counter-number-suffix\">+<\/span>\n\t\t\t<\/div>\n\t\t<\/div>\n\t\t\t\t\t\t<\/div>\n\t\t\t\t\t<\/div>\n\t\t<\/div>\n\t\t\t\t\t<\/div>\n\t\t<\/section>\n\t\t\t\t<\/div>\n\t\t","protected":false},"excerpt":{"rendered":"<p>FAN\u0130 TEM\u0130ZL\u0130K HAKKIMIZDA Fani Temizlik, temizlik ve hijyen \u00fcr\u00fcnleri alan\u0131nda faaliyet g\u00f6steren, m\u00fc\u015fteri odakl\u0131 hizmet anlay\u0131\u015f\u0131n\u0131 benimsemi\u015f bir tedarik firmas\u0131d\u0131r. 2013 y\u0131l\u0131nda \u0130stanbul\u2019da ba\u015flayan yolculu\u011fumuz, 2025 y\u0131l\u0131 itibar\u0131yla K\u00f6yce\u011fiz \u015fubemizin a\u00e7\u0131lmas\u0131yla birlikte daha geni\u015f bir hizmet a\u011f\u0131na ula\u015fm\u0131\u015ft\u0131r. Geni\u015f \u00fcr\u00fcn portf\u00f6y\u00fcm\u00fczde; hijyenik \u00fcr\u00fcnler, temizlik ekipmanlar\u0131, otel ekipmanlar\u0131, k\u00e2\u011f\u0131t ve s\u0131v\u0131 grubu \u00fcr\u00fcnler, kullan-at \u00fcr\u00fcnler ve&#8230;<\/p>\n","protected":false},"author":1,"featured_media":0,"parent":0,"menu_order":0,"comment_status":"closed","ping_status":"closed","template":"","meta":{"_bst_post_transparent":"","_bst_post_title":"default","_bst_post_layout":"default","_bst_post_sidebar_id":"","_bst_post_content_style":"unboxed","_bst_post_vertical_padding":"default","_bst_post_feature":"hide","_bst_post_feature_position":"","_bst_post_header":false,"_bst_post_footer":false,"footnotes":""},"class_list":["post-25","page","type-page","status-publish","hentry"],"_links":{"self":[{"href":"https:\/\/fanitemizlik.com\/index.php?rest_route=\/wp\/v2\/pages\/25","targetHints":{"allow":["GET"]}}],"collection":[{"href":"https:\/\/fanitemizlik.com\/index.php?rest_route=\/wp\/v2\/pages"}],"about":[{"href":"https:\/\/fanitemizlik.com\/index.php?rest_route=\/wp\/v2\/types\/page"}],"author":[{"embeddable":true,"href":"https:\/\/fanitemizlik.com\/index.php?rest_route=\/wp\/v2\/users\/1"}],"replies":[{"embeddable":true,"href":"https:\/\/fanitemizlik.com\/index.php?rest_route=%2Fwp%2Fv2%2Fcomments&post=25"}],"version-history":[{"count":5,"href":"https:\/\/fanitemizlik.com\/index.php?rest_route=\/wp\/v2\/pages\/25\/revisions"}],"predecessor-version":[{"id":2446,"href":"https:\/\/fanitemizlik.com\/index.php?rest_route=\/wp\/v2\/pages\/25\/revisions\/2446"}],"wp:attachment":[{"href":"https:\/\/fanitemizlik.com\/index.php?rest_route=%2Fwp%2Fv2%2Fmedia&parent=25"}],"curies":[{"name":"wp","href":"https:\/\/api.w.org\/{rel}","templated":true}]}}