{"id":1788,"date":"2026-04-05T18:21:34","date_gmt":"2026-04-05T18:21:34","guid":{"rendered":"https:\/\/fanitemizlik.com\/?post_type=product&#038;p=1788"},"modified":"2026-04-05T18:22:20","modified_gmt":"2026-04-05T18:22:20","slug":"selpak-v-katlama-havlu","status":"publish","type":"product","link":"https:\/\/fanitemizlik.com\/?product=selpak-v-katlama-havlu","title":{"rendered":"Selpak V Katlama Havlu"},"content":{"rendered":"\t\t<div data-elementor-type=\"wp-post\" data-elementor-id=\"1788\" class=\"elementor elementor-1788\">\n\t\t\t\t<div class=\"elementor-element elementor-element-7d69166e e-flex e-con-boxed e-con e-parent\" data-id=\"7d69166e\" data-element_type=\"container\" data-e-type=\"container\">\n\t\t\t\t\t<div class=\"e-con-inner\">\n\t\t\t\t<div class=\"elementor-element elementor-element-47f3f8d1 elementor-widget elementor-widget-text-editor\" data-id=\"47f3f8d1\" data-element_type=\"widget\" data-e-type=\"widget\" data-widget_type=\"text-editor.default\">\n\t\t\t\t\t\t\t\t\t<p>Bir c\u00fcmlelik a\u00e7\u0131klama bu alanda.<\/p>\t\t\t\t\t\t\t\t<\/div>\n\t\t\t\t\t<\/div>\n\t\t\t\t<\/div>\n\t\t\t\t<\/div>\n\t\t","protected":false},"excerpt":{"rendered":"<ul>\n<li style=\"list-style-type: none;\">\n<ul>\n<li>Selpak V Katlama Havlu<\/li>\n<\/ul>\n<\/li>\n<\/ul>\n","protected":false},"featured_media":1789,"template":"","meta":{"_bst_post_transparent":"default","_bst_post_title":"","_bst_post_layout":"default","_bst_post_sidebar_id":"","_bst_post_content_style":"default","_bst_post_vertical_padding":"default","_bst_post_feature":"","_bst_post_feature_position":"","_bst_post_header":false,"_bst_post_footer":false},"product_brand":[],"product_cat":[114],"product_tag":[],"class_list":{"0":"post-1788","1":"product","2":"type-product","3":"status-publish","4":"has-post-thumbnail","6":"product_cat-v-katli-havlular","8":"first","9":"instock","10":"featured","11":"shipping-taxable","12":"product-type-simple","13":"entry","14":"content-bg","15":"loop-entry"},"_links":{"self":[{"href":"https:\/\/fanitemizlik.com\/index.php?rest_route=\/wp\/v2\/product\/1788","targetHints":{"allow":["GET"]}}],"collection":[{"href":"https:\/\/fanitemizlik.com\/index.php?rest_route=\/wp\/v2\/product"}],"about":[{"href":"https:\/\/fanitemizlik.com\/index.php?rest_route=\/wp\/v2\/types\/product"}],"version-history":[{"count":1,"href":"https:\/\/fanitemizlik.com\/index.php?rest_route=\/wp\/v2\/product\/1788\/revisions"}],"predecessor-version":[{"id":1790,"href":"https:\/\/fanitemizlik.com\/index.php?rest_route=\/wp\/v2\/product\/1788\/revisions\/1790"}],"wp:featuredmedia":[{"embeddable":true,"href":"https:\/\/fanitemizlik.com\/index.php?rest_route=\/wp\/v2\/media\/1789"}],"wp:attachment":[{"href":"https:\/\/fanitemizlik.com\/index.php?rest_route=%2Fwp%2Fv2%2Fmedia&parent=1788"}],"wp:term":[{"taxonomy":"product_brand","embeddable":true,"href":"https:\/\/fanitemizlik.com\/index.php?rest_route=%2Fwp%2Fv2%2Fproduct_brand&post=1788"},{"taxonomy":"product_cat","embeddable":true,"href":"https:\/\/fanitemizlik.com\/index.php?rest_route=%2Fwp%2Fv2%2Fproduct_cat&post=1788"},{"taxonomy":"product_tag","embeddable":true,"href":"https:\/\/fanitemizlik.com\/index.php?rest_route=%2Fwp%2Fv2%2Fproduct_tag&post=1788"}],"curies":[{"name":"wp","href":"https:\/\/api.w.org\/{rel}","templated":true}]}}