{"id":2040,"date":"2026-04-06T00:05:13","date_gmt":"2026-04-06T00:05:13","guid":{"rendered":"https:\/\/fanitemizlik.com\/?post_type=product&#038;p=2040"},"modified":"2026-04-06T00:06:29","modified_gmt":"2026-04-06T00:06:29","slug":"pedalli-cop-kovasi-6lt-12lt-22lt-50lt","status":"publish","type":"product","link":"https:\/\/fanitemizlik.com\/?product=pedalli-cop-kovasi-6lt-12lt-22lt-50lt","title":{"rendered":"Pedall\u0131 \u00c7\u00f6p Kovas\u0131 (6lt, 12lt, 22lt, 50lt)"},"content":{"rendered":"\t\t<div data-elementor-type=\"wp-post\" data-elementor-id=\"2040\" class=\"elementor elementor-2040\">\n\t\t\t\t<div class=\"elementor-element elementor-element-7d69166e e-flex e-con-boxed e-con e-parent\" data-id=\"7d69166e\" data-element_type=\"container\" data-e-type=\"container\">\n\t\t\t\t\t<div class=\"e-con-inner\">\n\t\t\t\t<div class=\"elementor-element elementor-element-47f3f8d1 elementor-widget elementor-widget-text-editor\" data-id=\"47f3f8d1\" data-element_type=\"widget\" data-e-type=\"widget\" data-widget_type=\"text-editor.default\">\n\t\t\t\t\t\t\t\t\t<p>Bir c\u00fcmlelik a\u00e7\u0131klama bu alanda.<\/p>\t\t\t\t\t\t\t\t<\/div>\n\t\t\t\t\t<\/div>\n\t\t\t\t<\/div>\n\t\t\t\t<\/div>\n\t\t","protected":false},"excerpt":{"rendered":"<ul>\n<li style=\"list-style-type: none;\">\n<ul>\n<li>6lt pedall\u0131 \u00e7\u00f6p kovas\u0131<\/li>\n<li>12lt pedall\u0131 \u00e7\u00f6p kovas\u0131<\/li>\n<li>22lt pedall\u0131 \u00e7\u00f6p kovas\u0131<\/li>\n<li>50lt pedall\u0131 \u00e7\u00f6p kovas\u0131<\/li>\n<\/ul>\n<\/li>\n<\/ul>\n","protected":false},"featured_media":2041,"template":"","meta":{"_bst_post_transparent":"default","_bst_post_title":"","_bst_post_layout":"default","_bst_post_sidebar_id":"","_bst_post_content_style":"default","_bst_post_vertical_padding":"default","_bst_post_feature":"","_bst_post_feature_position":"","_bst_post_header":false,"_bst_post_footer":false},"product_brand":[],"product_cat":[112],"product_tag":[],"class_list":{"0":"post-2040","1":"product","2":"type-product","3":"status-publish","4":"has-post-thumbnail","6":"product_cat-cop-kova-konteyner","8":"first","9":"instock","10":"featured","11":"shipping-taxable","12":"product-type-simple","13":"entry","14":"content-bg","15":"loop-entry"},"_links":{"self":[{"href":"https:\/\/fanitemizlik.com\/index.php?rest_route=\/wp\/v2\/product\/2040","targetHints":{"allow":["GET"]}}],"collection":[{"href":"https:\/\/fanitemizlik.com\/index.php?rest_route=\/wp\/v2\/product"}],"about":[{"href":"https:\/\/fanitemizlik.com\/index.php?rest_route=\/wp\/v2\/types\/product"}],"version-history":[{"count":1,"href":"https:\/\/fanitemizlik.com\/index.php?rest_route=\/wp\/v2\/product\/2040\/revisions"}],"predecessor-version":[{"id":2042,"href":"https:\/\/fanitemizlik.com\/index.php?rest_route=\/wp\/v2\/product\/2040\/revisions\/2042"}],"wp:featuredmedia":[{"embeddable":true,"href":"https:\/\/fanitemizlik.com\/index.php?rest_route=\/wp\/v2\/media\/2041"}],"wp:attachment":[{"href":"https:\/\/fanitemizlik.com\/index.php?rest_route=%2Fwp%2Fv2%2Fmedia&parent=2040"}],"wp:term":[{"taxonomy":"product_brand","embeddable":true,"href":"https:\/\/fanitemizlik.com\/index.php?rest_route=%2Fwp%2Fv2%2Fproduct_brand&post=2040"},{"taxonomy":"product_cat","embeddable":true,"href":"https:\/\/fanitemizlik.com\/index.php?rest_route=%2Fwp%2Fv2%2Fproduct_cat&post=2040"},{"taxonomy":"product_tag","embeddable":true,"href":"https:\/\/fanitemizlik.com\/index.php?rest_route=%2Fwp%2Fv2%2Fproduct_tag&post=2040"}],"curies":[{"name":"wp","href":"https:\/\/api.w.org\/{rel}","templated":true}]}}