{"id":2222,"date":"2026-04-06T20:25:50","date_gmt":"2026-04-06T20:25:50","guid":{"rendered":"https:\/\/fanitemizlik.com\/?post_type=product&#038;p=2222"},"modified":"2026-04-06T20:29:36","modified_gmt":"2026-04-06T20:29:36","slug":"ecolab-topclin-rinse-aid-bulasik-parlatici-20-kg","status":"publish","type":"product","link":"https:\/\/fanitemizlik.com\/?product=ecolab-topclin-rinse-aid-bulasik-parlatici-20-kg","title":{"rendered":"Ecolab TopClin Rinse Aid Bula\u015f\u0131k Parlat\u0131c\u0131 20 Kg"},"content":{"rendered":"\t\t<div data-elementor-type=\"wp-post\" data-elementor-id=\"2222\" class=\"elementor elementor-2222\">\n\t\t\t\t<div class=\"elementor-element elementor-element-7d69166e e-flex e-con-boxed e-con e-parent\" data-id=\"7d69166e\" data-element_type=\"container\" data-e-type=\"container\">\n\t\t\t\t\t<div class=\"e-con-inner\">\n\t\t\t\t<div class=\"elementor-element elementor-element-47f3f8d1 elementor-widget elementor-widget-text-editor\" data-id=\"47f3f8d1\" data-element_type=\"widget\" data-e-type=\"widget\" data-widget_type=\"text-editor.default\">\n\t\t\t\t\t\t\t\t\t<p>Bir c\u00fcmlelik a\u00e7\u0131klama bu alanda.<\/p>\t\t\t\t\t\t\t\t<\/div>\n\t\t\t\t\t<\/div>\n\t\t\t\t<\/div>\n\t\t\t\t<\/div>\n\t\t","protected":false},"excerpt":{"rendered":"<ul>\n<li style=\"list-style-type: none;\">\n<ul>\n<li><b><strong>Ecolab TopClin Rinse Aid Bula\u015f\u0131k Makinesi Durulama \/ Parlat\u0131c\u0131s\u0131 20 Lt<\/strong><\/b>\n<ul>\n<li>End\u00fcstriyel bula\u015f\u0131k makineleri i\u00e7in konsantre durulama \u00fcr\u00fcn\u00fc.<br \/>\n\u2022 T\u00fcm y\u0131kanabilir kaplarda, cam e\u015fyalarda, paslanmaz \u00e7elikte ve plastikte kullan\u0131labilir.<br \/>\n\u2022 Bula\u015f\u0131k makinesinden \u00e7\u0131kan \u00fcr\u00fcnlerin tertemiz ve parlak olmas\u0131n\u0131 sa\u011flar.<br \/>\n\u2022 Konsantre durulama \u00fcr\u00fcn\u00fc<br \/>\n\u2022 H\u0131zl\u0131 kuruma s\u00fcresi<br \/>\n\u2022 Parlak sofra tak\u0131mlar\u0131<br \/>\n\u2022 Makine verimlili\u011fini art\u0131rmak i\u00e7in k\u00f6p\u00fck \u00f6nleyici form\u00fclasyon<br \/>\n\u2022 Her tip su ko\u015fuluna uygun<br \/>\n\u2022 \u00c7evre dostu form\u00fcl<br \/>\n\u2022 Ekonomik kullan\u0131ml\u0131<br \/>\n\u2022 Etiketlerde renk kodu<\/li>\n<\/ul>\n<p><b><strong>UYGULAMA<\/strong><\/b><br \/>\n\u2022 Uzman\u0131n\u0131z, \u00f6zel temizlik ihtiya\u00e7lar\u0131n\u0131za g\u00f6re dozaj sistemini ayarlayacakt\u0131r.<br \/>\n\u2022 \u00dcr\u00fcnle \u00e7al\u0131\u015f\u0131rken uygun ki\u015fisel koruyucu ekipman kullan\u0131n.<br \/>\n\u2022 Bo\u015f bidonu de\u011fi\u015ftirirken makineyi durdurun ve emi\u015f borusunu dikkatlice \u00e7\u0131kar\u0131n.<br \/>\n\u2022 Yeni bidonun kapa\u011f\u0131n\u0131 a\u00e7\u0131n, emme borusunu tak\u0131n ve bidonu geri yerle\u015ftirin.<br \/>\n\u2022 \u00dcr\u00fcn seviyesini d\u00fczenli olarak kontrol edin ve bidonun tamamen bo\u015falmas\u0131na izin vermeden yenisi ile de\u011fi\u015ftirin.<\/p>\n<p><b><strong>KULLANIM M\u0130KTARI<\/strong><\/b><br \/>\nDozajlama sistemi ile kullan\u0131lmaktad\u0131r.<\/p>\n<p><b><strong>SA\u011eLIK VE G\u00dcVENL\u0130K<\/strong><\/b><br \/>\nG\u00fcvenlik talimatlar\u0131 i\u00e7in \u00fcr\u00fcn g\u00fcvenlik bilgi formunu okuyunuz.<\/p>\n<p><b><strong>DEPOLAMA<\/strong><\/b><br \/>\nSerin ve kuru ortamda orijinal ambalaj\u0131nda depolay\u0131n\u0131z.<\/p>\n<p><b><strong>AMBALAJ<\/strong><\/b><br \/>\n20 Kg Bidon<\/li>\n<\/ul>\n<\/li>\n<\/ul>\n","protected":false},"featured_media":2223,"template":"","meta":{"_bst_post_transparent":"default","_bst_post_title":"","_bst_post_layout":"default","_bst_post_sidebar_id":"","_bst_post_content_style":"default","_bst_post_vertical_padding":"default","_bst_post_feature":"","_bst_post_feature_position":"","_bst_post_header":false,"_bst_post_footer":false},"product_brand":[],"product_cat":[95],"product_tag":[],"class_list":{"0":"post-2222","1":"product","2":"type-product","3":"status-publish","4":"has-post-thumbnail","6":"product_cat-deterjan-kimyasal","8":"first","9":"instock","10":"featured","11":"shipping-taxable","12":"product-type-simple","13":"entry","14":"content-bg","15":"loop-entry"},"_links":{"self":[{"href":"https:\/\/fanitemizlik.com\/index.php?rest_route=\/wp\/v2\/product\/2222","targetHints":{"allow":["GET"]}}],"collection":[{"href":"https:\/\/fanitemizlik.com\/index.php?rest_route=\/wp\/v2\/product"}],"about":[{"href":"https:\/\/fanitemizlik.com\/index.php?rest_route=\/wp\/v2\/types\/product"}],"version-history":[{"count":1,"href":"https:\/\/fanitemizlik.com\/index.php?rest_route=\/wp\/v2\/product\/2222\/revisions"}],"predecessor-version":[{"id":2224,"href":"https:\/\/fanitemizlik.com\/index.php?rest_route=\/wp\/v2\/product\/2222\/revisions\/2224"}],"wp:featuredmedia":[{"embeddable":true,"href":"https:\/\/fanitemizlik.com\/index.php?rest_route=\/wp\/v2\/media\/2223"}],"wp:attachment":[{"href":"https:\/\/fanitemizlik.com\/index.php?rest_route=%2Fwp%2Fv2%2Fmedia&parent=2222"}],"wp:term":[{"taxonomy":"product_brand","embeddable":true,"href":"https:\/\/fanitemizlik.com\/index.php?rest_route=%2Fwp%2Fv2%2Fproduct_brand&post=2222"},{"taxonomy":"product_cat","embeddable":true,"href":"https:\/\/fanitemizlik.com\/index.php?rest_route=%2Fwp%2Fv2%2Fproduct_cat&post=2222"},{"taxonomy":"product_tag","embeddable":true,"href":"https:\/\/fanitemizlik.com\/index.php?rest_route=%2Fwp%2Fv2%2Fproduct_tag&post=2222"}],"curies":[{"name":"wp","href":"https:\/\/api.w.org\/{rel}","templated":true}]}}