{"id":2225,"date":"2026-04-06T20:30:28","date_gmt":"2026-04-06T20:30:28","guid":{"rendered":"https:\/\/fanitemizlik.com\/?post_type=product&#038;p=2225"},"modified":"2026-04-06T20:33:10","modified_gmt":"2026-04-06T20:33:10","slug":"diversey-suma-crystal-a8-8-asitli-bulasik-parlatici-20-lt","status":"publish","type":"product","link":"https:\/\/fanitemizlik.com\/?product=diversey-suma-crystal-a8-8-asitli-bulasik-parlatici-20-lt","title":{"rendered":"Diversey Suma Crystal A8.8 Asitli Bula\u015f\u0131k Parlat\u0131c\u0131 20 Lt"},"content":{"rendered":"\t\t<div data-elementor-type=\"wp-post\" data-elementor-id=\"2225\" class=\"elementor elementor-2225\">\n\t\t\t\t<div class=\"elementor-element elementor-element-7d69166e e-flex e-con-boxed e-con e-parent\" data-id=\"7d69166e\" data-element_type=\"container\" data-e-type=\"container\">\n\t\t\t\t\t<div class=\"e-con-inner\">\n\t\t\t\t<div class=\"elementor-element elementor-element-47f3f8d1 elementor-widget elementor-widget-text-editor\" data-id=\"47f3f8d1\" data-element_type=\"widget\" data-e-type=\"widget\" data-widget_type=\"text-editor.default\">\n\t\t\t\t\t\t\t\t\t<p>Bir c\u00fcmlelik a\u00e7\u0131klama bu alanda.<\/p>\t\t\t\t\t\t\t\t<\/div>\n\t\t\t\t\t<\/div>\n\t\t\t\t<\/div>\n\t\t\t\t<\/div>\n\t\t","protected":false},"excerpt":{"rendered":"<ul>\n<li style=\"list-style-type: none;\">\n<ul>\n<li>\n<p style=\"font-weight: 400;\"><b><strong>Diversey Crystal A8.8 Asitli\u00a0Bula\u015f\u0131k Parlat\u0131c\u0131 20.26 Kg<\/strong><\/b><\/p>\n<p style=\"font-weight: 400;\"><b><strong>Crystal A8.8 Asitli Bula\u015f\u0131k Parlat\u0131c\u0131<\/strong><\/b><\/p>\n<ul>\n<li style=\"font-weight: 400;\">Diversey Suma Crystal A8.8 Orta ve Sert Sular \u0130\u00e7in Bula\u015f\u0131k Makinesi Parlat\u0131c\u0131s\u0131, 20 litrelik bir ambalaj i\u00e7erisinde sunulan bir \u00fcr\u00fcnd\u00fcr. Bu parlat\u0131c\u0131, orta ve sert sular i\u00e7in tasarlanm\u0131\u015ft\u0131r ve bula\u015f\u0131k makinelerinde kullan\u0131lmak \u00fczere \u00fcretilmi\u015ftir.<br \/>\n\u2022 Suma Crystal A8.8, bula\u015f\u0131k makinesinde kullan\u0131lan suyun sertli\u011fine uyum sa\u011flamak i\u00e7in form\u00fcle edilmi\u015ftir. Bu nedenle, orta ve sert sular i\u00e7in m\u00fckemmel bir se\u00e7imdir. Ayr\u0131ca, parlat\u0131c\u0131 bula\u015f\u0131klar\u0131n parlakl\u0131\u011f\u0131n\u0131 ve berrakl\u0131\u011f\u0131n\u0131 koruyan \u00f6zel bir form\u00fclasyona sahiptir. Bu, bula\u015f\u0131klar\u0131n daha uzun s\u00fcre parlak ve temiz kalmas\u0131n\u0131 sa\u011flar.<br \/>\n\u2022 Suma Crystal A8.8, su sertli\u011fine g\u00f6re ayarlanabilir bir dozaj sistemine sahiptir. Bu, kullan\u0131c\u0131n\u0131n parlat\u0131c\u0131 dozaj\u0131n\u0131 kolayca ayarlamas\u0131n\u0131 ve b\u00f6ylece daha verimli bir kullan\u0131m sa\u011flamas\u0131n\u0131 m\u00fcmk\u00fcn k\u0131lar. Ayr\u0131ca, parlat\u0131c\u0131 \u00e7evre dostu bir \u00fcr\u00fcnd\u00fcr ve do\u011fal kaynaklar\u0131 koruma amac\u0131yla \u00fcretilmi\u015ftir.<\/li>\n<\/ul>\n<p style=\"font-weight: 400;\"><b><strong>KULLANIM M\u0130KTARI ve UYGULAMA<\/strong><\/b><br \/>\nDiversey otomatik dozaj ekipman\u0131 veya varsa entegre dozaj pompalar\u0131 kullan\u0131larak otomatik olarak dozajlan\u0131r. Daha k\u00fc\u00e7\u00fck makinelerinin parlat\u0131c\u0131 tank\u0131nda manuel olarak da uygulanabilir.<\/p>\n<p style=\"font-weight: 400;\"><b><strong>SA\u011eLIK VE G\u00dcVENL\u0130K<br \/>\n<\/strong><\/b>G\u00fcvenlik talimatlar\u0131 i\u00e7in \u00fcr\u00fcn g\u00fcvenlik bilgi formunu okuyunuz.<\/p>\n<p style=\"font-weight: 400;\"><b><strong>F\u0130Z\u0130KSEL VE K\u0130MYASAL \u00d6ZELL\u0130KLER<br \/>\n<\/strong><\/b>G\u00f6r\u00fcn\u00fc\u015f: S\u0131v\u0131<\/p>\n<p style=\"font-weight: 400;\"><b><strong>DEPOLAMA<\/strong><\/b><br \/>\nSerin ve kuru ortamda orijinal ambalaj\u0131nda depolay\u0131n\u0131z. Ambalaj\u0131 kapal\u0131 tutunuz.<\/p>\n<p style=\"font-weight: 400;\"><b><strong>AMBALAJ<\/strong><\/b><br \/>\n20.26 Kg<\/p>\n<\/li>\n<\/ul>\n<\/li>\n<\/ul>\n","protected":false},"featured_media":2226,"template":"","meta":{"_bst_post_transparent":"default","_bst_post_title":"","_bst_post_layout":"default","_bst_post_sidebar_id":"","_bst_post_content_style":"default","_bst_post_vertical_padding":"default","_bst_post_feature":"","_bst_post_feature_position":"","_bst_post_header":false,"_bst_post_footer":false},"product_brand":[],"product_cat":[95],"product_tag":[],"class_list":{"0":"post-2225","1":"product","2":"type-product","3":"status-publish","4":"has-post-thumbnail","6":"product_cat-deterjan-kimyasal","8":"first","9":"instock","10":"featured","11":"shipping-taxable","12":"product-type-simple","13":"entry","14":"content-bg","15":"loop-entry"},"_links":{"self":[{"href":"https:\/\/fanitemizlik.com\/index.php?rest_route=\/wp\/v2\/product\/2225","targetHints":{"allow":["GET"]}}],"collection":[{"href":"https:\/\/fanitemizlik.com\/index.php?rest_route=\/wp\/v2\/product"}],"about":[{"href":"https:\/\/fanitemizlik.com\/index.php?rest_route=\/wp\/v2\/types\/product"}],"version-history":[{"count":1,"href":"https:\/\/fanitemizlik.com\/index.php?rest_route=\/wp\/v2\/product\/2225\/revisions"}],"predecessor-version":[{"id":2227,"href":"https:\/\/fanitemizlik.com\/index.php?rest_route=\/wp\/v2\/product\/2225\/revisions\/2227"}],"wp:featuredmedia":[{"embeddable":true,"href":"https:\/\/fanitemizlik.com\/index.php?rest_route=\/wp\/v2\/media\/2226"}],"wp:attachment":[{"href":"https:\/\/fanitemizlik.com\/index.php?rest_route=%2Fwp%2Fv2%2Fmedia&parent=2225"}],"wp:term":[{"taxonomy":"product_brand","embeddable":true,"href":"https:\/\/fanitemizlik.com\/index.php?rest_route=%2Fwp%2Fv2%2Fproduct_brand&post=2225"},{"taxonomy":"product_cat","embeddable":true,"href":"https:\/\/fanitemizlik.com\/index.php?rest_route=%2Fwp%2Fv2%2Fproduct_cat&post=2225"},{"taxonomy":"product_tag","embeddable":true,"href":"https:\/\/fanitemizlik.com\/index.php?rest_route=%2Fwp%2Fv2%2Fproduct_tag&post=2225"}],"curies":[{"name":"wp","href":"https:\/\/api.w.org\/{rel}","templated":true}]}}