{"id":2231,"date":"2026-04-06T20:56:48","date_gmt":"2026-04-06T20:56:48","guid":{"rendered":"https:\/\/fanitemizlik.com\/?post_type=product&#038;p=2231"},"modified":"2026-04-06T21:00:26","modified_gmt":"2026-04-06T21:00:26","slug":"ecolab-topclin-manual-detergent-elde-bulasik-deterjani-20-kg","status":"publish","type":"product","link":"https:\/\/fanitemizlik.com\/?product=ecolab-topclin-manual-detergent-elde-bulasik-deterjani-20-kg","title":{"rendered":"Ecolab TopClin Manual Detergent Elde Bula\u015f\u0131k Deterjan\u0131 20 Kg"},"content":{"rendered":"\t\t<div data-elementor-type=\"wp-post\" data-elementor-id=\"2231\" class=\"elementor elementor-2231\">\n\t\t\t\t<div class=\"elementor-element elementor-element-7d69166e e-flex e-con-boxed e-con e-parent\" data-id=\"7d69166e\" data-element_type=\"container\" data-e-type=\"container\">\n\t\t\t\t\t<div class=\"e-con-inner\">\n\t\t\t\t<div class=\"elementor-element elementor-element-47f3f8d1 elementor-widget elementor-widget-text-editor\" data-id=\"47f3f8d1\" data-element_type=\"widget\" data-e-type=\"widget\" data-widget_type=\"text-editor.default\">\n\t\t\t\t\t\t\t\t\t<p>Bir c\u00fcmlelik a\u00e7\u0131klama bu alanda.<\/p>\t\t\t\t\t\t\t\t<\/div>\n\t\t\t\t\t<\/div>\n\t\t\t\t<\/div>\n\t\t\t\t<\/div>\n\t\t","protected":false},"excerpt":{"rendered":"<p style=\"font-weight: 400;\"><b><strong>Ecolab TopClin Manual Detergent Bula\u015f\u0131k Deterjan\u0131 Elde Y\u0131kama 20 Kg<\/strong><\/b><\/p>\n<ul>\n<li style=\"font-weight: 400;\">Harika sonu\u00e7lar veren y\u00fcksek performansl\u0131 elde bula\u015f\u0131k y\u0131kama deterjan\u0131. T\u00fcm y\u0131kanabilir kaplarda, cam e\u015fyalarda, paslanmaz \u00e7elik ve plastikte kullan\u0131m i\u00e7in uygundur.<br \/>\n\u2022 Konsantre s\u0131v\u0131 elde bula\u015f\u0131k y\u0131kama deterjan\u0131<br \/>\n\u2022 Ya\u011f ve yanm\u0131\u015f g\u0131dalar\u0131 kolayca temizler<br \/>\n\u2022 Mutfaktaki bula\u015f\u0131klar\u0131 elle temizlemek i\u00e7in en iyi \u00e7\u00f6z\u00fcm<br \/>\n\u2022 Parlak ve temiz y\u00fczeyler<br \/>\n\u2022 Y\u00fcksek etkisi ile daha az ovalama<br \/>\n\u2022 Leke b\u0131rakmadan kurur<br \/>\n\u2022 Ekonomik kullan\u0131ml\u0131<br \/>\n\u2022 Etiketlerde renk kodu<\/li>\n<\/ul>\n<p style=\"font-weight: 400;\"><b><strong>UYGULAMA<\/strong><\/b><br \/>\n\u2022 Litre ba\u015f\u0131na 35-40 \u00b0 C) suya 3-5 ml TOPCLIN Manual Detergent ekleyin. Zorlu kirler i\u00e7in daha y\u00fcksek oranda bir kar\u0131\u015f\u0131m gerekebilir.<br \/>\n\u2022 Kaba kirleri \u00f6nceden temizleyin.<br \/>\n\u2022 Y\u0131kanacak bula\u015f\u0131klar\u0131 kar\u0131\u015f\u0131ma dald\u0131r\u0131n ve 5-10 saniye bekleyin.<br \/>\n\u2022 \u00dcr\u00fcne ba\u011fl\u0131 olarak sert bir f\u0131r\u00e7a veya ovalama s\u00fcngeri ile y\u0131kay\u0131n.<br \/>\n\u2022 E\u015fyalar\u0131 \u00e7\u0131kar\u0131n ve \u0131l\u0131k suyla durulay\u0131n.<br \/>\n\u2022 Temiz bir masa \u00fczerinde kurumaya b\u0131rak\u0131n ve ard\u0131ndan depolama raf\u0131na kald\u0131r\u0131n.<br \/>\n\u2022 Genel y\u00fczey temizli\u011fi i\u00e7in litre ba\u015f\u0131na (35-40 \u00b0 C) suya 5-10 ml ekleyin.<\/p>\n<p style=\"font-weight: 400;\"><b><strong>KULLANIM M\u0130KTARI<\/strong><\/b><br \/>\nLitre ba\u015f\u0131na (35-40 \u00b0 C) suya 3-5 ml TOPCLIN Manual Detergent ekleyin. Zorlu kirler i\u00e7in daha y\u00fcksek oranda bir kar\u0131\u015f\u0131m gerekebilir.<\/p>\n<p style=\"font-weight: 400;\"><b><strong>SA\u011eLIK VE G\u00dcVENL\u0130K<br \/>\n<\/strong><\/b>G\u00fcvenlik talimatlar\u0131 i\u00e7in \u00fcr\u00fcn g\u00fcvenlik bilgi formunu okuyunuz.<\/p>\n<p style=\"font-weight: 400;\"><b><strong>DEPOLAMA<br \/>\n<\/strong><\/b>Serin ve kuru ortamda orijinal ambalaj\u0131nda depolay\u0131n\u0131z.<\/p>\n<p style=\"font-weight: 400;\"><b><strong>AMBALAJ<br \/>\n<\/strong><\/b>20 Kg Bidon<\/p>\n","protected":false},"featured_media":2232,"template":"","meta":{"_bst_post_transparent":"default","_bst_post_title":"","_bst_post_layout":"default","_bst_post_sidebar_id":"","_bst_post_content_style":"default","_bst_post_vertical_padding":"default","_bst_post_feature":"","_bst_post_feature_position":"","_bst_post_header":false,"_bst_post_footer":false},"product_brand":[],"product_cat":[95],"product_tag":[],"class_list":{"0":"post-2231","1":"product","2":"type-product","3":"status-publish","4":"has-post-thumbnail","6":"product_cat-deterjan-kimyasal","8":"first","9":"instock","10":"featured","11":"shipping-taxable","12":"product-type-simple","13":"entry","14":"content-bg","15":"loop-entry"},"_links":{"self":[{"href":"https:\/\/fanitemizlik.com\/index.php?rest_route=\/wp\/v2\/product\/2231","targetHints":{"allow":["GET"]}}],"collection":[{"href":"https:\/\/fanitemizlik.com\/index.php?rest_route=\/wp\/v2\/product"}],"about":[{"href":"https:\/\/fanitemizlik.com\/index.php?rest_route=\/wp\/v2\/types\/product"}],"version-history":[{"count":1,"href":"https:\/\/fanitemizlik.com\/index.php?rest_route=\/wp\/v2\/product\/2231\/revisions"}],"predecessor-version":[{"id":2233,"href":"https:\/\/fanitemizlik.com\/index.php?rest_route=\/wp\/v2\/product\/2231\/revisions\/2233"}],"wp:featuredmedia":[{"embeddable":true,"href":"https:\/\/fanitemizlik.com\/index.php?rest_route=\/wp\/v2\/media\/2232"}],"wp:attachment":[{"href":"https:\/\/fanitemizlik.com\/index.php?rest_route=%2Fwp%2Fv2%2Fmedia&parent=2231"}],"wp:term":[{"taxonomy":"product_brand","embeddable":true,"href":"https:\/\/fanitemizlik.com\/index.php?rest_route=%2Fwp%2Fv2%2Fproduct_brand&post=2231"},{"taxonomy":"product_cat","embeddable":true,"href":"https:\/\/fanitemizlik.com\/index.php?rest_route=%2Fwp%2Fv2%2Fproduct_cat&post=2231"},{"taxonomy":"product_tag","embeddable":true,"href":"https:\/\/fanitemizlik.com\/index.php?rest_route=%2Fwp%2Fv2%2Fproduct_tag&post=2231"}],"curies":[{"name":"wp","href":"https:\/\/api.w.org\/{rel}","templated":true}]}}