{"id":2316,"date":"2026-04-06T23:00:08","date_gmt":"2026-04-06T23:00:08","guid":{"rendered":"https:\/\/fanitemizlik.com\/?post_type=product&#038;p=2316"},"modified":"2026-04-06T23:02:12","modified_gmt":"2026-04-06T23:02:12","slug":"prestij-otomatik-havlu-dispenseri-seffaf-mavi-3491-1","status":"publish","type":"product","link":"https:\/\/fanitemizlik.com\/?product=prestij-otomatik-havlu-dispenseri-seffaf-mavi-3491-1","title":{"rendered":"Prestij Otomatik Havlu Dispenseri \u015eeffaf Mavi 3491-1"},"content":{"rendered":"\t\t<div data-elementor-type=\"wp-post\" data-elementor-id=\"2316\" class=\"elementor elementor-2316\">\n\t\t\t\t<div class=\"elementor-element elementor-element-7d69166e e-flex e-con-boxed e-con e-parent\" data-id=\"7d69166e\" data-element_type=\"container\" data-e-type=\"container\">\n\t\t\t\t\t<div class=\"e-con-inner\">\n\t\t\t\t<div class=\"elementor-element elementor-element-47f3f8d1 elementor-widget elementor-widget-text-editor\" data-id=\"47f3f8d1\" data-element_type=\"widget\" data-e-type=\"widget\" data-widget_type=\"text-editor.default\">\n\t\t\t\t\t\t\t\t\t<p>Bir c\u00fcmlelik a\u00e7\u0131klama bu alanda.<\/p>\t\t\t\t\t\t\t\t<\/div>\n\t\t\t\t\t<\/div>\n\t\t\t\t<\/div>\n\t\t\t\t<\/div>\n\t\t","protected":false},"excerpt":{"rendered":"<p>ABS G\u00f6vde + \u00d6n Kapak \u015eeffaf ABS<\/p>\n<p>Koli \u0130\u00e7i Adedi: 1<\/p>\n<p>\u00dcr\u00fcn \u00d6l\u00e7\u00fcleri: 26\u00a0cm x 35,50\u00a0cm x 22\u00a0cm<\/p>\n<p>Koli \u00d6l\u00e7\u00fcleri: 29\u00a0cm x 39\u00a0cm x 23\u00a0cm<\/p>\n<p>Koli\u00a0A\u011f\u0131rl\u0131\u011f\u0131: 2.65 Kg \u00b1 %3<\/p>\n<p>Kilit Tertibatl\u0131,<\/p>\n<p>Ka\u011f\u0131t Eni: 19 \u2013 21 cm Ka\u011f\u0131t Kullan\u0131l\u0131r.<\/p>\n<p>\u00dcr\u00fcn Elektrikli ve Pillidir.<\/p>\n<p>Sens\u00f6r Tertibat\u0131 Mevcuttur.<\/p>\n<p>2 Y\u0131l Garantilidir.<br \/>\nYerli \u00dcretimdir.<\/p>\n","protected":false},"featured_media":2317,"template":"","meta":{"_bst_post_transparent":"default","_bst_post_title":"","_bst_post_layout":"default","_bst_post_sidebar_id":"","_bst_post_content_style":"default","_bst_post_vertical_padding":"default","_bst_post_feature":"","_bst_post_feature_position":"","_bst_post_header":false,"_bst_post_footer":false},"product_brand":[],"product_cat":[92],"product_tag":[],"class_list":{"0":"post-2316","1":"product","2":"type-product","3":"status-publish","4":"has-post-thumbnail","6":"product_cat-temizlik-ekipman","8":"first","9":"instock","10":"featured","11":"shipping-taxable","12":"product-type-simple","13":"entry","14":"content-bg","15":"loop-entry"},"_links":{"self":[{"href":"https:\/\/fanitemizlik.com\/index.php?rest_route=\/wp\/v2\/product\/2316","targetHints":{"allow":["GET"]}}],"collection":[{"href":"https:\/\/fanitemizlik.com\/index.php?rest_route=\/wp\/v2\/product"}],"about":[{"href":"https:\/\/fanitemizlik.com\/index.php?rest_route=\/wp\/v2\/types\/product"}],"version-history":[{"count":1,"href":"https:\/\/fanitemizlik.com\/index.php?rest_route=\/wp\/v2\/product\/2316\/revisions"}],"predecessor-version":[{"id":2318,"href":"https:\/\/fanitemizlik.com\/index.php?rest_route=\/wp\/v2\/product\/2316\/revisions\/2318"}],"wp:featuredmedia":[{"embeddable":true,"href":"https:\/\/fanitemizlik.com\/index.php?rest_route=\/wp\/v2\/media\/2317"}],"wp:attachment":[{"href":"https:\/\/fanitemizlik.com\/index.php?rest_route=%2Fwp%2Fv2%2Fmedia&parent=2316"}],"wp:term":[{"taxonomy":"product_brand","embeddable":true,"href":"https:\/\/fanitemizlik.com\/index.php?rest_route=%2Fwp%2Fv2%2Fproduct_brand&post=2316"},{"taxonomy":"product_cat","embeddable":true,"href":"https:\/\/fanitemizlik.com\/index.php?rest_route=%2Fwp%2Fv2%2Fproduct_cat&post=2316"},{"taxonomy":"product_tag","embeddable":true,"href":"https:\/\/fanitemizlik.com\/index.php?rest_route=%2Fwp%2Fv2%2Fproduct_tag&post=2316"}],"curies":[{"name":"wp","href":"https:\/\/api.w.org\/{rel}","templated":true}]}}