{"id":2331,"date":"2026-04-06T23:13:17","date_gmt":"2026-04-06T23:13:17","guid":{"rendered":"https:\/\/fanitemizlik.com\/?post_type=product&#038;p=2331"},"modified":"2026-04-06T23:14:39","modified_gmt":"2026-04-06T23:14:39","slug":"standart-jumbo-tuvalet-kagidi-dispenseri-seffaf-mavi-3448-1","status":"publish","type":"product","link":"https:\/\/fanitemizlik.com\/?product=standart-jumbo-tuvalet-kagidi-dispenseri-seffaf-mavi-3448-1","title":{"rendered":"Standart Jumbo Tuvalet Ka\u011f\u0131d\u0131 Dispenseri \u015eeffaf Mavi 3448-1"},"content":{"rendered":"\t\t<div data-elementor-type=\"wp-post\" data-elementor-id=\"2331\" class=\"elementor elementor-2331\">\n\t\t\t\t<div class=\"elementor-element elementor-element-7d69166e e-flex e-con-boxed e-con e-parent\" data-id=\"7d69166e\" data-element_type=\"container\" data-e-type=\"container\">\n\t\t\t\t\t<div class=\"e-con-inner\">\n\t\t\t\t<div class=\"elementor-element elementor-element-47f3f8d1 elementor-widget elementor-widget-text-editor\" data-id=\"47f3f8d1\" data-element_type=\"widget\" data-e-type=\"widget\" data-widget_type=\"text-editor.default\">\n\t\t\t\t\t\t\t\t\t<p>Bir c\u00fcmlelik a\u00e7\u0131klama bu alanda.<\/p>\t\t\t\t\t\t\t\t<\/div>\n\t\t\t\t\t<\/div>\n\t\t\t\t<\/div>\n\t\t\t\t<\/div>\n\t\t","protected":false},"excerpt":{"rendered":"<p>ABS G\u00f6vde + SAN \u00d6n Kapak<br \/>\nKoli \u0130\u00e7i Adedi: 12<br \/>\n\u00dcr\u00fcn \u00d6l\u00e7\u00fcleri:\u00a0D\u0131\u015f \u00c7ap= 23\u00a0cm\u00a0Yuva \u00c7ap\u0131: 5 cm\u00a0H= 24\u00a0cm\u00a0Derinlik= 11\u00a0cm<br \/>\nKoli \u00d6l\u00e7\u00fcleri: 54 cm x \u00a049 cm x 39\u00a0cm<br \/>\nKoli\u00a0A\u011f\u0131rl\u0131\u011f\u0131:5,50\u00a0Kg \u00b1 %3<br \/>\nKilit Tertibatl\u0131.<br \/>\nYurti\u00e7i ve Yurtd\u0131\u015f\u0131 \u00dcr\u00fcnlere Uyumludur.<\/p>\n","protected":false},"featured_media":2332,"template":"","meta":{"_bst_post_transparent":"default","_bst_post_title":"","_bst_post_layout":"default","_bst_post_sidebar_id":"","_bst_post_content_style":"default","_bst_post_vertical_padding":"default","_bst_post_feature":"","_bst_post_feature_position":"","_bst_post_header":false,"_bst_post_footer":false},"product_brand":[],"product_cat":[92],"product_tag":[],"class_list":{"0":"post-2331","1":"product","2":"type-product","3":"status-publish","4":"has-post-thumbnail","6":"product_cat-temizlik-ekipman","8":"first","9":"instock","10":"featured","11":"shipping-taxable","12":"product-type-simple","13":"entry","14":"content-bg","15":"loop-entry"},"_links":{"self":[{"href":"https:\/\/fanitemizlik.com\/index.php?rest_route=\/wp\/v2\/product\/2331","targetHints":{"allow":["GET"]}}],"collection":[{"href":"https:\/\/fanitemizlik.com\/index.php?rest_route=\/wp\/v2\/product"}],"about":[{"href":"https:\/\/fanitemizlik.com\/index.php?rest_route=\/wp\/v2\/types\/product"}],"version-history":[{"count":1,"href":"https:\/\/fanitemizlik.com\/index.php?rest_route=\/wp\/v2\/product\/2331\/revisions"}],"predecessor-version":[{"id":2333,"href":"https:\/\/fanitemizlik.com\/index.php?rest_route=\/wp\/v2\/product\/2331\/revisions\/2333"}],"wp:featuredmedia":[{"embeddable":true,"href":"https:\/\/fanitemizlik.com\/index.php?rest_route=\/wp\/v2\/media\/2332"}],"wp:attachment":[{"href":"https:\/\/fanitemizlik.com\/index.php?rest_route=%2Fwp%2Fv2%2Fmedia&parent=2331"}],"wp:term":[{"taxonomy":"product_brand","embeddable":true,"href":"https:\/\/fanitemizlik.com\/index.php?rest_route=%2Fwp%2Fv2%2Fproduct_brand&post=2331"},{"taxonomy":"product_cat","embeddable":true,"href":"https:\/\/fanitemizlik.com\/index.php?rest_route=%2Fwp%2Fv2%2Fproduct_cat&post=2331"},{"taxonomy":"product_tag","embeddable":true,"href":"https:\/\/fanitemizlik.com\/index.php?rest_route=%2Fwp%2Fv2%2Fproduct_tag&post=2331"}],"curies":[{"name":"wp","href":"https:\/\/api.w.org\/{rel}","templated":true}]}}