{"id":2539,"date":"2026-04-07T23:48:06","date_gmt":"2026-04-07T23:48:06","guid":{"rendered":"https:\/\/fanitemizlik.com\/?post_type=product&#038;p=2539"},"modified":"2026-04-07T23:49:46","modified_gmt":"2026-04-07T23:49:46","slug":"florex-klasik-seri-battal-power-cop-torbasi-kod-551","status":"publish","type":"product","link":"https:\/\/fanitemizlik.com\/?product=florex-klasik-seri-battal-power-cop-torbasi-kod-551","title":{"rendered":"Florex Klasik Seri Battal Power \u00c7\u00f6p Torbas\u0131 Kod 551"},"content":{"rendered":"\t\t<div data-elementor-type=\"wp-post\" data-elementor-id=\"2539\" class=\"elementor elementor-2539\">\n\t\t\t\t<div class=\"elementor-element elementor-element-7d69166e e-flex e-con-boxed e-con e-parent\" data-id=\"7d69166e\" data-element_type=\"container\" data-e-type=\"container\">\n\t\t\t\t\t<div class=\"e-con-inner\">\n\t\t\t\t<div class=\"elementor-element elementor-element-47f3f8d1 elementor-widget elementor-widget-text-editor\" data-id=\"47f3f8d1\" data-element_type=\"widget\" data-e-type=\"widget\" data-widget_type=\"text-editor.default\">\n\t\t\t\t\t\t\t\t\t<p>Bir c\u00fcmlelik a\u00e7\u0131klama bu alanda.<\/p>\t\t\t\t\t\t\t\t<\/div>\n\t\t\t\t\t<\/div>\n\t\t\t\t<\/div>\n\t\t\t\t<\/div>\n\t\t","protected":false},"excerpt":{"rendered":"<p>RENK\u00a0\u00a0 \u00a0:\u00a0\u00a0 \u00a0S\u0130YAH \/ MAV\u0130<br \/>\nEBAT \u00a0\u00a0 \u00a0:\u00a0\u00a0 \u00a072 x 95 cm \/ 100 mc<br \/>\nRULO \u00a0\u00a0 \u00a0:\u00a0\u00a0 \u00a010 ADET \/ 630 gr.<br \/>\nKOL\u0130 \u00a0\u00a0 \u00a0:\u00a0 \u00a0 10 RULO \/ 100 ADET \/ 6,3 kg.<br \/>\nPALET\u00a0\u00a0 \u00a0:\u00a0 \u00a0 70 KOL\u0130<\/p>\n","protected":false},"featured_media":2540,"template":"","meta":{"_bst_post_transparent":"default","_bst_post_title":"","_bst_post_layout":"default","_bst_post_sidebar_id":"","_bst_post_content_style":"default","_bst_post_vertical_padding":"default","_bst_post_feature":"","_bst_post_feature_position":"","_bst_post_header":false,"_bst_post_footer":false},"product_brand":[],"product_cat":[98],"product_tag":[],"class_list":{"0":"post-2539","1":"product","2":"type-product","3":"status-publish","4":"has-post-thumbnail","6":"product_cat-cop-poset","8":"first","9":"instock","10":"featured","11":"shipping-taxable","12":"product-type-simple","13":"entry","14":"content-bg","15":"loop-entry"},"_links":{"self":[{"href":"https:\/\/fanitemizlik.com\/index.php?rest_route=\/wp\/v2\/product\/2539","targetHints":{"allow":["GET"]}}],"collection":[{"href":"https:\/\/fanitemizlik.com\/index.php?rest_route=\/wp\/v2\/product"}],"about":[{"href":"https:\/\/fanitemizlik.com\/index.php?rest_route=\/wp\/v2\/types\/product"}],"version-history":[{"count":1,"href":"https:\/\/fanitemizlik.com\/index.php?rest_route=\/wp\/v2\/product\/2539\/revisions"}],"predecessor-version":[{"id":2541,"href":"https:\/\/fanitemizlik.com\/index.php?rest_route=\/wp\/v2\/product\/2539\/revisions\/2541"}],"wp:featuredmedia":[{"embeddable":true,"href":"https:\/\/fanitemizlik.com\/index.php?rest_route=\/wp\/v2\/media\/2540"}],"wp:attachment":[{"href":"https:\/\/fanitemizlik.com\/index.php?rest_route=%2Fwp%2Fv2%2Fmedia&parent=2539"}],"wp:term":[{"taxonomy":"product_brand","embeddable":true,"href":"https:\/\/fanitemizlik.com\/index.php?rest_route=%2Fwp%2Fv2%2Fproduct_brand&post=2539"},{"taxonomy":"product_cat","embeddable":true,"href":"https:\/\/fanitemizlik.com\/index.php?rest_route=%2Fwp%2Fv2%2Fproduct_cat&post=2539"},{"taxonomy":"product_tag","embeddable":true,"href":"https:\/\/fanitemizlik.com\/index.php?rest_route=%2Fwp%2Fv2%2Fproduct_tag&post=2539"}],"curies":[{"name":"wp","href":"https:\/\/api.w.org\/{rel}","templated":true}]}}