{"id":2576,"date":"2026-04-09T23:41:19","date_gmt":"2026-04-09T23:41:19","guid":{"rendered":"https:\/\/fanitemizlik.com\/?post_type=product&#038;p=2576"},"modified":"2026-04-09T23:44:30","modified_gmt":"2026-04-09T23:44:30","slug":"ecolab-ecobrite-laundry-powder-camasir-deterjani-20-kg","status":"publish","type":"product","link":"https:\/\/fanitemizlik.com\/?product=ecolab-ecobrite-laundry-powder-camasir-deterjani-20-kg","title":{"rendered":"Ecolab Ecobrite Laundry Powder \u00c7ama\u015f\u0131r Deterjan\u0131 20 Kg"},"content":{"rendered":"\t\t<div data-elementor-type=\"wp-post\" data-elementor-id=\"2576\" class=\"elementor elementor-2576\">\n\t\t\t\t<div class=\"elementor-element elementor-element-7d69166e e-flex e-con-boxed e-con e-parent\" data-id=\"7d69166e\" data-element_type=\"container\" data-e-type=\"container\">\n\t\t\t\t\t<div class=\"e-con-inner\">\n\t\t\t\t<div class=\"elementor-element elementor-element-47f3f8d1 elementor-widget elementor-widget-text-editor\" data-id=\"47f3f8d1\" data-element_type=\"widget\" data-e-type=\"widget\" data-widget_type=\"text-editor.default\">\n\t\t\t\t\t\t\t\t\t<p>Bir c\u00fcmlelik a\u00e7\u0131klama bu alanda.<\/p>\t\t\t\t\t\t\t\t<\/div>\n\t\t\t\t\t<\/div>\n\t\t\t\t<\/div>\n\t\t\t\t<\/div>\n\t\t","protected":false},"excerpt":{"rendered":"<p><b><strong>Ecobr\u0131te Laundry Powder \u00c7ama\u015f\u0131r Deterjan\u0131 20 Kg<\/strong><\/b><\/p>\n<ul>\n<li>Ecolab Laundry Power Enzim Bazl\u0131 Ana Y\u0131kama Toz Deterjan\u0131 20 Kg<br \/>\n\u2022 Enzim bazl\u0131 toz ana y\u0131kama deterjan\u0131<br \/>\n\u2022 T\u00fcm su s\u0131cakl\u0131klar\u0131nda, su sertliklerinde ve her t\u00fcr \u00e7ama\u015f\u0131r makinesinde kullan\u0131ma uygun<br \/>\n\u2022 G\u00fc\u00e7l\u00fc form\u00fcl\u00fc lekeleri kolayca \u00e7\u0131kar\u0131r<br \/>\n\u2022 A\u011fart\u0131c\u0131 i\u00e7ermez, renkli \u00e7ama\u015f\u0131rlarda da g\u00fcvenle kullan\u0131l\u0131r<br \/>\n\u2022 \u0130\u00e7eri\u011findeki \u00f6zel hammaddeler sayesinde renklerin canl\u0131l\u0131\u011f\u0131n\u0131 korur, tekstillerin birbirini<br \/>\nboyamas\u0131n\u0131 \u00f6nler<br \/>\n\u2022 \u0130\u00e7eri\u011fi ve ambalaj\u0131 ile \u00e7evre dostu<\/li>\n<\/ul>\n<p><b><strong>UYGULAMA<\/strong><\/b><br \/>\nPamuklu, sentetik, pamuklu-sentetik kar\u0131\u015f\u0131m elyafl\u0131 her t\u00fcr tekstilin y\u0131kanmas\u0131nda kullan\u0131l\u0131r.<\/p>\n<p><b><strong>KULLANIM M\u0130KTARI<\/strong><\/b><br \/>\nBelirtilen kullan\u0131m miktar\u0131na g\u00f6re \u00e7ama\u015f\u0131r makinesine dozajlan\u0131r. A\u011f\u0131r kirli ve lekeli (restoran, mutfak, hastane \u00e7ama\u015f\u0131rlar\u0131 vb) \u00e7ama\u015f\u0131rlar\u0131 y\u0131karken dozaj miktar\u0131 artt\u0131r\u0131labilir.<br \/>\nLaundry Power ile birlikte <b><strong><u>Saptenol<\/u><\/strong><\/b>, <b><strong><u>Duxil<\/u><\/strong><\/b><u> <b><strong>alkaline<\/strong><\/b><\/u> gibi a\u011f\u0131r kir ve leke \u00e7\u0131kar\u0131c\u0131lar ile <b><strong><u>Ozonex<\/u><\/strong><\/b>, <b><strong><u>Silex<\/u><\/strong><\/b> gibi a\u011fart\u0131c\u0131lar kullan\u0131labilir.<\/p>\n<p><b><strong>SA\u011eLIK VE G\u00dcVENL\u0130K<\/strong><\/b><br \/>\nG\u00fcvenlik talimatlar\u0131 i\u00e7in \u00fcr\u00fcn g\u00fcvenlik bilgi formunu okuyunuz.<\/p>\n<p><b><strong>F\u0130Z\u0130KSEL VE K\u0130MYASAL \u00d6ZELL\u0130KLER<\/strong><\/b><br \/>\nG\u00f6r\u00fcn\u00fc\u015f: Beyaz toz<br \/>\npH (% 1) 10.0 \u2013 10.9<\/p>\n<p><b><strong>DEPOLAMA<\/strong><\/b><br \/>\nSerin ve kuru ortamda orijinal ambalaj\u0131nda depolay\u0131n\u0131z. \u00dcst \u00fcste alt\u0131 torbadan fazla istiflemeyiniz.<\/p>\n<p><b><strong>AMBALAJ<\/strong><\/b><br \/>\n20 kg torba<\/p>\n<p>\u00dcR\u00dcN \u00d6ZELL\u0130KLER\u0130<\/p>\n<p>Kullan\u0131m \u015eekli<\/p>\n<p>\u00c7ama\u015f\u0131r Makinesi<\/p>\n<p>Hacim<\/p>\n<p>16-20 Kg<\/p>\n","protected":false},"featured_media":2578,"template":"","meta":{"_bst_post_transparent":"default","_bst_post_title":"","_bst_post_layout":"default","_bst_post_sidebar_id":"","_bst_post_content_style":"default","_bst_post_vertical_padding":"default","_bst_post_feature":"","_bst_post_feature_position":"","_bst_post_header":false,"_bst_post_footer":false},"product_brand":[],"product_cat":[95],"product_tag":[],"class_list":{"0":"post-2576","1":"product","2":"type-product","3":"status-publish","4":"has-post-thumbnail","6":"product_cat-deterjan-kimyasal","8":"first","9":"instock","10":"featured","11":"shipping-taxable","12":"product-type-simple","13":"entry","14":"content-bg","15":"loop-entry"},"_links":{"self":[{"href":"https:\/\/fanitemizlik.com\/index.php?rest_route=\/wp\/v2\/product\/2576","targetHints":{"allow":["GET"]}}],"collection":[{"href":"https:\/\/fanitemizlik.com\/index.php?rest_route=\/wp\/v2\/product"}],"about":[{"href":"https:\/\/fanitemizlik.com\/index.php?rest_route=\/wp\/v2\/types\/product"}],"version-history":[{"count":1,"href":"https:\/\/fanitemizlik.com\/index.php?rest_route=\/wp\/v2\/product\/2576\/revisions"}],"predecessor-version":[{"id":2579,"href":"https:\/\/fanitemizlik.com\/index.php?rest_route=\/wp\/v2\/product\/2576\/revisions\/2579"}],"wp:featuredmedia":[{"embeddable":true,"href":"https:\/\/fanitemizlik.com\/index.php?rest_route=\/wp\/v2\/media\/2578"}],"wp:attachment":[{"href":"https:\/\/fanitemizlik.com\/index.php?rest_route=%2Fwp%2Fv2%2Fmedia&parent=2576"}],"wp:term":[{"taxonomy":"product_brand","embeddable":true,"href":"https:\/\/fanitemizlik.com\/index.php?rest_route=%2Fwp%2Fv2%2Fproduct_brand&post=2576"},{"taxonomy":"product_cat","embeddable":true,"href":"https:\/\/fanitemizlik.com\/index.php?rest_route=%2Fwp%2Fv2%2Fproduct_cat&post=2576"},{"taxonomy":"product_tag","embeddable":true,"href":"https:\/\/fanitemizlik.com\/index.php?rest_route=%2Fwp%2Fv2%2Fproduct_tag&post=2576"}],"curies":[{"name":"wp","href":"https:\/\/api.w.org\/{rel}","templated":true}]}}