{"id":2580,"date":"2026-04-09T23:44:42","date_gmt":"2026-04-09T23:44:42","guid":{"rendered":"https:\/\/fanitemizlik.com\/?post_type=product&#038;p=2580"},"modified":"2026-04-09T23:46:50","modified_gmt":"2026-04-09T23:46:50","slug":"maratem-m605-ana-yikama-camasir-deterjani-20-kg","status":"publish","type":"product","link":"https:\/\/fanitemizlik.com\/?product=maratem-m605-ana-yikama-camasir-deterjani-20-kg","title":{"rendered":"Maratem M605 Ana Y\u0131kama \u00c7ama\u015f\u0131r Deterjan\u0131 20 Kg"},"content":{"rendered":"\t\t<div data-elementor-type=\"wp-post\" data-elementor-id=\"2580\" class=\"elementor elementor-2580\">\n\t\t\t\t<div class=\"elementor-element elementor-element-7d69166e e-flex e-con-boxed e-con e-parent\" data-id=\"7d69166e\" data-element_type=\"container\" data-e-type=\"container\">\n\t\t\t\t\t<div class=\"e-con-inner\">\n\t\t\t\t<div class=\"elementor-element elementor-element-47f3f8d1 elementor-widget elementor-widget-text-editor\" data-id=\"47f3f8d1\" data-element_type=\"widget\" data-e-type=\"widget\" data-widget_type=\"text-editor.default\">\n\t\t\t\t\t\t\t\t\t<p>Bir c\u00fcmlelik a\u00e7\u0131klama bu alanda.<\/p>\t\t\t\t\t\t\t\t<\/div>\n\t\t\t\t\t<\/div>\n\t\t\t\t<\/div>\n\t\t\t\t<\/div>\n\t\t","protected":false},"excerpt":{"rendered":"<p style=\"font-weight: 400;\"><b><strong>Maratem M605 Ana Y\u0131kama \u00c7ama\u015f\u0131r Makinesi Deterjan\u0131 20 Kg<\/strong><\/b><\/p>\n<p style=\"font-weight: 400;\"><b><strong>S\u0131v\u0131 Ana Y\u0131kama \u00c7ama\u015f\u0131r Deterjan\u0131 <\/strong><\/b><\/p>\n<ul>\n<li style=\"font-weight: 400;\">A\u011fart\u0131c\u0131 i\u00e7ermeyen ana y\u0131kama deterjan\u0131d\u0131r.<br \/>\n\u2022 Her su s\u0131cakl\u0131\u011f\u0131nda etkili olup \u00e7ama\u015f\u0131rlarda da g\u00fcvenle kullan\u0131labilir.<br \/>\n\u2022 End\u00fcstriyel \u00e7ama\u015f\u0131r makinelerinde kullan\u0131ma uygundur.<br \/>\n\u2022 Her t\u00fcrl\u00fc end\u00fcstriyel \u00e7ama\u015f\u0131r makinesi ve t\u00fcnel \u00e7ama\u015f\u0131r makinesi ile kullan\u0131labilir.<br \/>\n\u2022 Ar\u0131tma tesislerinde problem yaratmaz.<\/li>\n<\/ul>\n<p style=\"font-weight: 400;\"><b><strong>UYGULAMA<\/strong><\/b><br \/>\nKullan\u0131m miktar\u0131na g\u00f6re \u00e7ama\u015f\u0131r makinesine dozajlan\u0131r. \u0130htiyaca g\u00f6re oksijen veya klor bazl\u0131 a\u011fart\u0131c\u0131larla kullan\u0131labilir. A\u011f\u0131r kirli ve lekeli (mutfak, restoran, hastane \u00e7ama\u015f\u0131rlar vb.) \u00e7ama\u015f\u0131rlar\u0131 y\u0131karken dozaj artt\u0131r\u0131labilir ya da kir ve ya\u011f \u00e7\u00f6z\u00fcc\u00fc ve\/veya alkali yard\u0131mc\u0131 y\u0131kama maddesi ile birlikte kullan\u0131labilir. Su sertli\u011fi 0-3 dH aral\u0131\u011f\u0131nda ise n\u00f6tralizer kullan\u0131m\u0131 \u00f6nerilir. Yaln\u0131zca profesyonel kullan\u0131m i\u00e7indir.<\/p>\n<p style=\"font-weight: 400;\"><b><strong>KULLANIM M\u0130KTARI<br \/>\n<\/strong><\/b>2-3 g\/L (flot oran\u0131 1:4 i\u00e7in 8-12 g\/kg kuru \u00e7ama\u015f\u0131r) Su sertli\u011finin 10 dH\u2019 \u0131n \u00fczerinde oldu\u011fu durumlarda sertlik ba\u011flay\u0131c\u0131 \u00fcr\u00fcn ile birlikte kullan\u0131lmas\u0131 tavsiye edilir.<\/p>\n<p style=\"font-weight: 400;\"><b><strong>SA\u011eLIK VE G\u00dcVENL\u0130K<br \/>\n<\/strong><\/b>G\u00fcvenlik talimatlar\u0131 i\u00e7in \u00fcr\u00fcn g\u00fcvenlik bilgi formunu okuyunuz.<\/p>\n<p style=\"font-weight: 400;\"><b><strong>F\u0130Z\u0130KSEL VE K\u0130MYASAL \u00d6ZELL\u0130KLER<br \/>\n<\/strong><\/b>G\u00f6r\u00fcn\u00fc\u015f: Toz<\/p>\n<p style=\"font-weight: 400;\"><b><strong>DEPOLAMA<\/strong><\/b><br \/>\nSerin ve kuru ortamda muhafaza ediniz. Donmaktan koruyunuz.<\/p>\n<p style=\"font-weight: 400;\"><b><strong>AMBALAJ<\/strong><\/b><br \/>\n20 Kg<\/p>\n","protected":false},"featured_media":2581,"template":"","meta":{"_bst_post_transparent":"default","_bst_post_title":"","_bst_post_layout":"default","_bst_post_sidebar_id":"","_bst_post_content_style":"default","_bst_post_vertical_padding":"default","_bst_post_feature":"","_bst_post_feature_position":"","_bst_post_header":false,"_bst_post_footer":false},"product_brand":[],"product_cat":[95],"product_tag":[],"class_list":{"0":"post-2580","1":"product","2":"type-product","3":"status-publish","4":"has-post-thumbnail","6":"product_cat-deterjan-kimyasal","8":"first","9":"instock","10":"featured","11":"shipping-taxable","12":"product-type-simple","13":"entry","14":"content-bg","15":"loop-entry"},"_links":{"self":[{"href":"https:\/\/fanitemizlik.com\/index.php?rest_route=\/wp\/v2\/product\/2580","targetHints":{"allow":["GET"]}}],"collection":[{"href":"https:\/\/fanitemizlik.com\/index.php?rest_route=\/wp\/v2\/product"}],"about":[{"href":"https:\/\/fanitemizlik.com\/index.php?rest_route=\/wp\/v2\/types\/product"}],"version-history":[{"count":1,"href":"https:\/\/fanitemizlik.com\/index.php?rest_route=\/wp\/v2\/product\/2580\/revisions"}],"predecessor-version":[{"id":2582,"href":"https:\/\/fanitemizlik.com\/index.php?rest_route=\/wp\/v2\/product\/2580\/revisions\/2582"}],"wp:featuredmedia":[{"embeddable":true,"href":"https:\/\/fanitemizlik.com\/index.php?rest_route=\/wp\/v2\/media\/2581"}],"wp:attachment":[{"href":"https:\/\/fanitemizlik.com\/index.php?rest_route=%2Fwp%2Fv2%2Fmedia&parent=2580"}],"wp:term":[{"taxonomy":"product_brand","embeddable":true,"href":"https:\/\/fanitemizlik.com\/index.php?rest_route=%2Fwp%2Fv2%2Fproduct_brand&post=2580"},{"taxonomy":"product_cat","embeddable":true,"href":"https:\/\/fanitemizlik.com\/index.php?rest_route=%2Fwp%2Fv2%2Fproduct_cat&post=2580"},{"taxonomy":"product_tag","embeddable":true,"href":"https:\/\/fanitemizlik.com\/index.php?rest_route=%2Fwp%2Fv2%2Fproduct_tag&post=2580"}],"curies":[{"name":"wp","href":"https:\/\/api.w.org\/{rel}","templated":true}]}}